{"id":3987,"date":"2020-12-01T12:53:47","date_gmt":"2020-12-01T11:53:47","guid":{"rendered":"https:\/\/rosellosolar.com\/privacy-policy\/"},"modified":"2020-12-01T12:56:34","modified_gmt":"2020-12-01T11:56:34","slug":"privacy-policy","status":"publish","type":"page","link":"https:\/\/rosellosolar.com\/en\/privacy-policy\/","title":{"rendered":"Privacy policy"},"content":{"rendered":"<h2>RESPONSABLE<\/h2>\n<p>ROSELL\u00d3 E HIJOS S.L.<br \/>\nCIF:B07222722<br \/>\nDirecci\u00f3nC\/ Asegra 22, Palma de Mallorca<br \/>\n07011 , Illes Balears,<br \/>\nTel\u00e9fono :971- 273112 ;<br \/>\nE-Mail:\u00a0<a href=\"mailto:prl.calidad@roselloehijos.com\">prl.calidad@roselloehijos.com<\/a><br \/>\nResponsable del tratamiento: Elisa Rabanete Palacios<\/p>\n<p>FINALIDADES<br \/>\nTrataremos sus datos para la Gesti\u00f3n t\u00e9cnica, comercial, administrativa, contable y fiscal.<\/p>\n<h2>PROCEDENCIA DE LOS DATOS<\/h2>\n<p>Los datos personales que tratamos enROSELL\u00d3 E HIJOS S.L.\u00a0proceden directamente de usted.<\/p>\n<p>Las categor\u00edas de datos que se tratan son:<\/p>\n<ul>\n<li>\u00a0Datos de identificaci\u00f3n<\/li>\n<li>\u00a0C\u00f3digos o claves de identificaci\u00f3n<\/li>\n<li>\u00a0Direcciones postales o electr\u00f3nicas<\/li>\n<li>\u00a0Informaci\u00f3n comercial<\/li>\n<li>\u00a0Datos econ\u00f3micos<\/li>\n<\/ul>\n<p>No se tratan datos especialmente protegidos<\/p>\n<p><strong>CONSERVACI\u00d3N<\/strong><br \/>\nLos datos personales proporcionados por Ud, se conservar\u00e1n mientras se mantenga la relaci\u00f3n con su entidad y no se solicite su supresi\u00f3n por parte del interesado. Dichos datos ser\u00e1n conservados conforme a los plazos legales establecidos en materia fiscal y contable, tomando como referencia la \u00faltima comunicaci\u00f3n.<\/p>\n<p><strong>DECISIONES<\/strong><br \/>\nROSELL\u00d3 E HIJOS S.L.\u00a0no tomar\u00e1 decisiones automatizadas, perfiles o l\u00f3gica aplicada a sus datos.<\/p>\n<p><strong>LEGITIMACI\u00d3N<\/strong><br \/>\nDebido a que el tratamiento es necesario para la ejecuci\u00f3n de un contrato mercantil, en el que usted es parte, se hace constar que el tipo de contrato de que se trata es el citado contrato mercantil o la relaci\u00f3n precontractual.<\/p>\n<p>Como la comunicaci\u00f3n de datos personales es un requisito legal o contractual y un requisito necesario para suscribir el citado contrato, se le informa que Ud. est\u00e1 obligado a facilitar sus datos personales. De no hacerlo, ello supondr\u00eda no poder prestarle el servicio solicitado.<\/p>\n<p><strong>DESTINATARIOS<\/strong><br \/>\n1- Durante el periodo de duraci\u00f3n del tratamientoROSELL\u00d3 E HIJOS S.L.\u00a0no realizar\u00e1 ninguna cesi\u00f3n, salvo por obligaci\u00f3n legal constatada (Administraciones P\u00fablicas) , o para la posible gesti\u00f3n administrativa o contable externa :Gestor\u00edas o Asesor\u00edas.<\/p>\n<p>2-ROSELL\u00d3 E HIJOS S.L.\u00a0realiza cesi\u00f3n o transferencia de datos comerciales a clientes de Alemania, Austria, Italia y B\u00e9lgica.<\/p>\n<p><strong>DERECHOS<\/strong><\/p>\n<ul>\n<li>Sepa que Ud. puede ejercer los siguientes derechos:<\/li>\n<li>Derecho a solicitar el acceso a sus datos personales.<\/li>\n<li>Derecho a solicitar su rectificaci\u00f3n o supresi\u00f3n.<\/li>\n<li>Derecho a solicitar la limitaci\u00f3n de su tratamiento.<\/li>\n<li>Derecho a oponerse al tratamiento.<\/li>\n<li>Derecho a la portabilidad de los datos.<\/li>\n<li>Derecho a retirar el consentimiento prestado.<\/li>\n<\/ul>\n<p>Para ejercer sus derechos nos env\u00ede un Email a<a>prl.calidad@rosell\u00f3ehijos.com<\/a>expres\u00e1ndonos su decisi\u00f3n.<\/p>\n<p>En caso de que Ud. sienta vulnerados sus derechos en lo concerniente a la\u00a0protecci\u00f3n de sus datospersonales, especialmente cuando no haya obtenido satisfacci\u00f3n en el ejercicio de sus derechos, puede presentar una reclamaci\u00f3n ante la Autoridad de Control en materia de Protecci\u00f3n de Datos competente a trav\u00e9s de su sitio web: www.agpd.es.<\/p>\n","protected":false},"excerpt":{"rendered":"<p>RESPONSABLE ROSELL\u00d3 E HIJOS S.L. CIF:B07222722 Direcci\u00f3nC\/ Asegra 22, Palma de Mallorca 07011 , Illes Balears, Tel\u00e9fono :971- 273112 ; E-Mail:\u00a0prl.calidad@roselloehijos.com Responsable del tratamiento: Elisa Rabanete Palacios FINALIDADES Trataremos sus datos para la Gesti\u00f3n t\u00e9cnica, comercial, administrativa, contable y fiscal. PROCEDENCIA DE LOS DATOS Los datos personales que tratamos enROSELL\u00d3 E HIJOS S.L.\u00a0proceden directamente de [&hellip;]<\/p>\n","protected":false},"author":2,"featured_media":0,"parent":0,"menu_order":7,"comment_status":"closed","ping_status":"closed","template":"","meta":{"_et_pb_use_builder":"","_et_pb_old_content":""},"_links":{"self":[{"href":"https:\/\/rosellosolar.com\/en\/wp-json\/wp\/v2\/pages\/3987"}],"collection":[{"href":"https:\/\/rosellosolar.com\/en\/wp-json\/wp\/v2\/pages"}],"about":[{"href":"https:\/\/rosellosolar.com\/en\/wp-json\/wp\/v2\/types\/page"}],"author":[{"embeddable":true,"href":"https:\/\/rosellosolar.com\/en\/wp-json\/wp\/v2\/users\/2"}],"replies":[{"embeddable":true,"href":"https:\/\/rosellosolar.com\/en\/wp-json\/wp\/v2\/comments?post=3987"}],"version-history":[{"count":3,"href":"https:\/\/rosellosolar.com\/en\/wp-json\/wp\/v2\/pages\/3987\/revisions"}],"predecessor-version":[{"id":3990,"href":"https:\/\/rosellosolar.com\/en\/wp-json\/wp\/v2\/pages\/3987\/revisions\/3990"}],"wp:attachment":[{"href":"https:\/\/rosellosolar.com\/en\/wp-json\/wp\/v2\/media?parent=3987"}],"curies":[{"name":"wp","href":"https:\/\/api.w.org\/{rel}","templated":true}]}}