{"id":3920,"date":"2020-11-02T16:28:41","date_gmt":"2020-11-02T15:28:41","guid":{"rendered":"https:\/\/rosellosolar.com\/productos\/bioclimatic-pergola-with-adjustable-slats\/"},"modified":"2020-11-02T16:28:52","modified_gmt":"2020-11-02T15:28:52","slug":"bioclimatic-pergola-with-adjustable-slats","status":"publish","type":"product","link":"https:\/\/rosellosolar.com\/en\/productos\/bioclimatic-pergola-with-adjustable-slats\/","title":{"rendered":"Bioclimatic pergola with adjustable slats"},"content":{"rendered":"<p>Traditional pergolas are static structures, typically with a gazebo shape attached to the house and with horizontal beams to support climbing plants. The bioclimatic approach consists of designing a structure taking into account the climatic conditions of the location. This allows us to take advantage of all the possible benefits it offers (light, ventilation, heat, coolness, etc.) and to foresee and anticipate adverse conditions of any kind (rain, wind, snow, etc.).<\/p>\n<blockquote>\n<h2><span style=\"color: #000000\"><a style=\"color: #000000\" title=\"CUSTOMIZE YOUR BIOCLIMATIC PERGOLA\" href=\"https:\/\/www.renson-outdoor.es\/es#configApp\"><strong>CUSTOMIZE YOUR BIOCLIMATIC PERGOLA<\/strong><\/a><\/span><\/h2>\n<\/blockquote>\n<p><iframe title=\"la p\u00e9rgola bioclimatica Camargue\" width=\"1080\" height=\"608\" src=\"https:\/\/www.youtube.com\/embed\/mGzvjfnDxLk?feature=oembed\" frameborder=\"0\" allow=\"accelerometer; autoplay; clipboard-write; encrypted-media; gyroscope; picture-in-picture\" allowfullscreen><\/iframe> \u00a0<\/p>\n<p>The <strong>bioclimatic pergolas<\/strong>, therefore, try to find comfort outdoors and through their adjustable slatted roofs (whether they are rotating, retractable or both simultaneously) allow the regulation of the heat, the incoming light, the humidity and the passage of air.\u00a0In the horizontal position (with the slats closed), they provide protection against rain and snow and also include an invisible drainage system through the columns to the floor. The drainage system still works when the slats are opened after it has rained, so that the terrace furniture is always protected.<\/p>\n\n\t\t<div class='et-image-slider et_sliderfx_fade et_sliderauto_true et_sliderauto_speed_2500 et_slidertype_images'>\n\t\t\t<div class='et-image-slides'>\n\t\t\t\t<div class='et-tabs-content-wrapper'>\n\t\t\t\t\t<div class='et_slidecontent et-image-slide'><img src=\"https:\/\/rosellosolar.com\/wp-content\/uploads\/2019\/07\/lamellen_waterproof-1-93351_undefinedxundefined.png\" alt=\"\" width=\"undefined\" height=\"undefined\" \/><span class='et-image-overlay'> <\/span><\/div> \n\t\t<div class='et_slidecontent et-image-slide'><img src=\"https:\/\/rosellosolar.com\/wp-content\/uploads\/2019\/07\/lamellen-1-163757_undefinedxundefined.png\" alt=\"\" width=\"undefined\" height=\"undefined\" \/><span class='et-image-overlay'> <\/span><\/div>\n\t\t\t\t<\/div>\n\t\t\t<\/div>\n\t\t<\/div> <!-- .et-image-slider -->\n\t\t\n<blockquote>\n<h3>Don&#8217;t worry about the weather, enjoy life outdoors all year round<\/h3>\n<\/blockquote>\n<p>Our <strong>bioclimatic adjustable and retractable pergolas<\/strong> present a higher engineering level, with a special emphasis on the finishes.\u00a0The fixings are concealed and the electrical cables are\u00a0hidden inside the structure. Even the ground support can\u00a0be concealed.\u00a0The high quality of the materials used in the design and production make them low maintenance, while ensuring exceptional durability. \u00a0<\/p>\n<div class=\"et_pb_slider et_pb_slider_fullwidth_off et_pb_gallery_post_type\">\n\t\t\t\t<div class=\"et_pb_slides\">\n\t\t\t\t\t<div class=\"et_pb_slide\" style=\"background: url(https:\/\/rosellosolar.com\/wp-content\/uploads\/2019\/07\/pergola_celosias.jpg);\"><\/div><div class=\"et_pb_slide\" style=\"background: url(https:\/\/rosellosolar.com\/wp-content\/uploads\/2019\/07\/renson_laterales.jpg);\"><\/div><div class=\"et_pb_slide\" style=\"background: url(https:\/\/rosellosolar.com\/wp-content\/uploads\/2019\/07\/scandinavian_style_patio_cover_0.jpg);\"><\/div>\n\t\t\t\t<\/div>\n\t\t\t<\/div>\n<blockquote>\n<h3><span data-preserver-spaces=\"true\">Countless possibilities for customization<\/span><\/h3>\n<\/blockquote>\n<p>The bioclimatic pergola can be customized with different front or side elements (glass sliding panels, rolling screens, adjustable or fixed slat panels, etc.) that provide an infinite number of possibilities for personalization. The bioclimatic pergolas can be equipped with integrated lights (both on the perimeter and the slats), heating systems and wireless speakers.\u00a0\u00a0They<a href=\"https:\/\/rosellosolar.com\/productos\/pergolas-motorizadas\/\"> can be operated through remote control<\/a> (or through the home automation system) and can feature a rain, sun and wind sensor so that the pergola operates automatically according to the weather conditions. \u00a0<\/p>\n<div class=\"et_pb_slider et_pb_slider_fullwidth_off et_pb_gallery_post_type\">\n\t\t\t\t<div class=\"et_pb_slides\">\n\t\t\t\t\t<div class=\"et_pb_slide\" style=\"background: url(https:\/\/rosellosolar.com\/wp-content\/uploads\/2019\/07\/remote_control_somfy_pergola-1024x682.png);\"><\/div><div class=\"et_pb_slide\" style=\"background: url(https:\/\/rosellosolar.com\/wp-content\/uploads\/2019\/07\/somfy_wind_sensor-300x300.jpg);\"><\/div><div class=\"et_pb_slide\" style=\"background: url(https:\/\/rosellosolar.com\/wp-content\/uploads\/2019\/07\/ral_colors.jpg);\"><\/div>\n\t\t\t\t<\/div>\n\t\t\t<\/div>\n<p>\n\t\t<div class='et-image-slider et_sliderfx_fade et_sliderauto_true et_sliderauto_speed_3000 et_slidertype_images'>\n\t\t\t<div class='et-image-slides'>\n\t\t\t\t<div class='et-tabs-content-wrapper'>\n\t\t\t\t\t<div class='et_slidecontent et-image-slide'><img src=\"https:\/\/rosellosolar.com\/wp-content\/uploads\/2019\/07\/pergola_skye_2-152694_undefinedxundefined.jpg\" alt=\"\" width=\"undefined\" height=\"undefined\" \/><span class='et-image-overlay'> <\/span><\/div> \n\t\t<div class='et_slidecontent et-image-slide'><img src=\"https:\/\/rosellosolar.com\/wp-content\/uploads\/2018\/07\/renson_algarve_pergolas_port_andratx2-209016_undefinedxundefined.jpg\" alt=\"\" width=\"undefined\" height=\"undefined\" \/><span class='et-image-overlay'> <\/span><\/div> \n\t\t<div class='et_slidecontent et-image-slide'><img src=\"https:\/\/rosellosolar.com\/wp-content\/uploads\/2019\/06\/puntiro-vivienda-unifamiliar-vista-general-214103_undefinedxundefined.jpg\" alt=\"\" width=\"undefined\" height=\"undefined\" \/><span class='et-image-overlay'> <\/span><\/div>\n\t\t\t\t<\/div>\n\t\t\t<\/div>\n\t\t<\/div> <!-- .et-image-slider -->\n\t\t \u00a0 <div class='w3eden'><!-- WPDM Link Template: Call to Action 3 -->\n\n<div class=\"well c2a3\">\n    <div class=\"media\">\n        <div class=\"mr-3\" align=\"left\">\n            <img class=\"wpdm_icon\" alt=\"Icon\" src=\"https:\/\/rosellosolar.com\/wp-content\/plugins\/download-manager\/assets\/file-type-icons\/pdf.svg\" \/>\n        <\/div>\n        <div class=\"media-body\">\n            <h3 class=\"media-heading\" style=\"padding-top: 0px;border:0px;margin: 0 0 5px 0;font-size:12pt;\">\n                <a style=\"font-weight: 700\" href=\"https:\/\/rosellosolar.com\/en\/download\/catalogo-pergolas-bioclimaticas-renson\/\">Cat\u00e1logo p\u00e9rgolas bioclim\u00e1ticas RENSON<\/a>\n                <span style=\"font-size:8pt;font-weight:300\" class=\"text-muted ml-4\">\n                    <i class=\"fas fa-hdd mr-1\"><\/i> 6.91 MB\n                    <i class=\"ml-3 far fa-arrow-alt-circle-down mr-1\"><\/i> 1118 downloads\n                <\/span>\n            <\/h3>\n            ...\n        <\/div>\n        <div class=\"ml-3\" align=\"right\">\n            <a class='wpdm-download-link download-on-click btn btn-primary ' rel='nofollow' href='#' data-downloadurl=\"https:\/\/rosellosolar.com\/en\/download\/catalogo-pergolas-bioclimaticas-renson\/?wpdmdl=2311&refresh=69e1b3192fc9e1776399129\">Download<\/a>\n        <\/div>\n    <\/div>\n\n<\/div>\n<style>\n    .well.c2a3 .btn {\n        padding: 11px 30px;\n        font-size: 11pt;\n    }\n\n    .well.c2a3 .media-body {\n        font-size: 11pt;\n    }\n\n    .well.c2a3 .wpdm_icon {\n        height: 42px;\n        width: auto;\n    }<\/style>\n<\/div><\/p>\n","protected":false},"excerpt":{"rendered":"<p>Traditional pergolas are static structures, typically with a gazebo shape attached to the house and with horizontal beams to support climbing plants. The bioclimatic approach consists of designing a structure taking into account the climatic conditions of the location. This allows us to take advantage of all the possible benefits it offers (light, ventilation, heat, [&hellip;]<\/p>\n","protected":false},"author":2,"featured_media":785,"template":"","_links":{"self":[{"href":"https:\/\/rosellosolar.com\/en\/wp-json\/wp\/v2\/product\/3920"}],"collection":[{"href":"https:\/\/rosellosolar.com\/en\/wp-json\/wp\/v2\/product"}],"about":[{"href":"https:\/\/rosellosolar.com\/en\/wp-json\/wp\/v2\/types\/product"}],"author":[{"embeddable":true,"href":"https:\/\/rosellosolar.com\/en\/wp-json\/wp\/v2\/users\/2"}],"wp:featuredmedia":[{"embeddable":true,"href":"https:\/\/rosellosolar.com\/en\/wp-json\/wp\/v2\/media\/785"}],"wp:attachment":[{"href":"https:\/\/rosellosolar.com\/en\/wp-json\/wp\/v2\/media?parent=3920"}],"curies":[{"name":"wp","href":"https:\/\/api.w.org\/{rel}","templated":true}]}}